{"id":7590,"date":"2026-04-24T06:15:15","date_gmt":"2026-04-24T08:15:15","guid":{"rendered":"https:\/\/tickets.zuz-fanexpress.de\/?post_type=product&#038;p=7590"},"modified":"2026-05-02T19:40:04","modified_gmt":"2026-05-02T21:40:04","slug":"hollandausflug-fuer-frauen-busfahrt","status":"publish","type":"product","link":"https:\/\/tickets.zuz-fanexpress.de\/index.php\/produkt\/hollandausflug-fuer-frauen-busfahrt\/","title":{"rendered":"Ausflug nach Scheveningen nur f\u00fcr Frauen &#8211; Busfahrt"},"content":{"rendered":"<p>Fahrkarte f\u00fcr den &#8222;Scheveningen Ausflug nur f\u00fcr Frauen&#8220; am 6.6.26 von Bochum nach Scheveningen und zur\u00fcck.<\/p>\n<p>Die Abfahrt ist um 6:00 Uhr vom Reisebusbahnhof am Bochumer Hbf an der Wittener Str. Die R\u00fcckfahrt startet zwischen 17 Uhr und 18 Uhr nach Absprache auf der Hinfahrt.<br \/>\nTickets sind innerhalb von 14 Tagen nach Buchung zu bezahlen. Bezahlte Tickets sind nicht stornierbar.<\/p>\n<p>Die \u00dcbergabe der Tickets erfolgt vor der Abfahrt.<\/p>\n","protected":false},"excerpt":{"rendered":"<p>Ticket Scheveningen Ausflug nur f\u00fcr Frauen<\/p>\n","protected":false},"featured_media":80,"template":"","meta":[],"product_brand":[],"product_cat":[41],"product_tag":[],"class_list":{"0":"post-7590","1":"product","2":"type-product","3":"status-publish","4":"has-post-thumbnail","6":"product_cat-zug-bus-karten","8":"first","9":"instock","10":"virtual","11":"taxable","12":"purchasable","13":"product-type-simple"},"_links":{"self":[{"href":"https:\/\/tickets.zuz-fanexpress.de\/index.php\/wp-json\/wp\/v2\/product\/7590","targetHints":{"allow":["GET"]}}],"collection":[{"href":"https:\/\/tickets.zuz-fanexpress.de\/index.php\/wp-json\/wp\/v2\/product"}],"about":[{"href":"https:\/\/tickets.zuz-fanexpress.de\/index.php\/wp-json\/wp\/v2\/types\/product"}],"wp:featuredmedia":[{"embeddable":true,"href":"https:\/\/tickets.zuz-fanexpress.de\/index.php\/wp-json\/wp\/v2\/media\/80"}],"wp:attachment":[{"href":"https:\/\/tickets.zuz-fanexpress.de\/index.php\/wp-json\/wp\/v2\/media?parent=7590"}],"wp:term":[{"taxonomy":"product_brand","embeddable":true,"href":"https:\/\/tickets.zuz-fanexpress.de\/index.php\/wp-json\/wp\/v2\/product_brand?post=7590"},{"taxonomy":"product_cat","embeddable":true,"href":"https:\/\/tickets.zuz-fanexpress.de\/index.php\/wp-json\/wp\/v2\/product_cat?post=7590"},{"taxonomy":"product_tag","embeddable":true,"href":"https:\/\/tickets.zuz-fanexpress.de\/index.php\/wp-json\/wp\/v2\/product_tag?post=7590"}],"curies":[{"name":"wp","href":"https:\/\/api.w.org\/{rel}","templated":true}]}}