{"id":7418,"date":"2026-03-07T10:05:47","date_gmt":"2026-03-07T12:05:47","guid":{"rendered":"https:\/\/tickets.zuz-fanexpress.de\/?post_type=product&#038;p=7418"},"modified":"2026-05-05T06:09:40","modified_gmt":"2026-05-05T08:09:40","slug":"karlsruhe-vfl-bochum-1848-busfahrt","status":"publish","type":"product","link":"https:\/\/tickets.zuz-fanexpress.de\/index.php\/produkt\/karlsruhe-vfl-bochum-1848-busfahrt\/","title":{"rendered":"Karlsruher SC &#8211; VfL Bochum 1848 &#8211; Busfahrt"},"content":{"rendered":"<p>Fahrkarte f\u00fcr die ZuZ-Fanexpress Busfahrt am 17.5.26 von Bochum nach Karlsruhe und zur\u00fcck.<\/p>\n<p>Die Abfahrt ist um 7:00 Uhr vom Reisebusbahnhof am Bochumer Hbf an der Wittener Str. Die R\u00fcckfahrt startet ca. 30 min. nach Spielschluss.<br \/>\nTickets sind innerhalb von 14 Tagen nach Buchung zu bezahlen. Bezahlte Tickets sind nicht stornierbar.<\/p>\n<p>Die \u00dcbergabe der Tickets erfolgt vor der Abfahrt.<\/p>\n<p>Die Busfahrt ist derzeit ausverkauft. F\u00fcr eine Warteliste f\u00fcr einen zus\u00e4tzlichen Bus schaut euch auf unserer Homepage bitte <a href=\"https:\/\/www.zuz-fanexpress.de\/karlsruher-sc-vfl-bochum-1848-warteliste\/\" target=\"_blank\">https:\/\/www.zuz-fanexpress.de\/karlsruher-sc-vfl-bochum-1848-warteliste\/<\/a> an.<\/p>\n","protected":false},"excerpt":{"rendered":"<p>Ticket Busfahrt Karlsruhe<\/p>\n","protected":false},"featured_media":80,"template":"","meta":[],"product_brand":[],"product_cat":[41],"product_tag":[],"class_list":{"0":"post-7418","1":"product","2":"type-product","3":"status-publish","4":"has-post-thumbnail","6":"product_cat-zug-bus-karten","8":"first","9":"outofstock","10":"virtual","11":"taxable","12":"purchasable","13":"product-type-simple"},"_links":{"self":[{"href":"https:\/\/tickets.zuz-fanexpress.de\/index.php\/wp-json\/wp\/v2\/product\/7418","targetHints":{"allow":["GET"]}}],"collection":[{"href":"https:\/\/tickets.zuz-fanexpress.de\/index.php\/wp-json\/wp\/v2\/product"}],"about":[{"href":"https:\/\/tickets.zuz-fanexpress.de\/index.php\/wp-json\/wp\/v2\/types\/product"}],"wp:featuredmedia":[{"embeddable":true,"href":"https:\/\/tickets.zuz-fanexpress.de\/index.php\/wp-json\/wp\/v2\/media\/80"}],"wp:attachment":[{"href":"https:\/\/tickets.zuz-fanexpress.de\/index.php\/wp-json\/wp\/v2\/media?parent=7418"}],"wp:term":[{"taxonomy":"product_brand","embeddable":true,"href":"https:\/\/tickets.zuz-fanexpress.de\/index.php\/wp-json\/wp\/v2\/product_brand?post=7418"},{"taxonomy":"product_cat","embeddable":true,"href":"https:\/\/tickets.zuz-fanexpress.de\/index.php\/wp-json\/wp\/v2\/product_cat?post=7418"},{"taxonomy":"product_tag","embeddable":true,"href":"https:\/\/tickets.zuz-fanexpress.de\/index.php\/wp-json\/wp\/v2\/product_tag?post=7418"}],"curies":[{"name":"wp","href":"https:\/\/api.w.org\/{rel}","templated":true}]}}