{"id":7314,"date":"2026-02-05T08:34:13","date_gmt":"2026-02-05T10:34:13","guid":{"rendered":"https:\/\/tickets.zuz-fanexpress.de\/?post_type=product&#038;p=7314"},"modified":"2026-03-17T06:38:12","modified_gmt":"2026-03-17T08:38:12","slug":"hertha-bsc-vfl-bochum-1848-spaet","status":"publish","type":"product","link":"https:\/\/tickets.zuz-fanexpress.de\/index.php\/produkt\/hertha-bsc-vfl-bochum-1848-spaet\/","title":{"rendered":"Hertha BSC &#8211; VfL Bochum 1848 sp\u00e4te Hinfahrt"},"content":{"rendered":"<p>Fahrkarte f\u00fcr die ZuZ-Fanexpress Zugfahrt am 14.3.2026 von Bochum Hbf nach Berlin Hbf und zur\u00fcck.<br \/>\nSp\u00e4te Hinfahrt.<br \/>\nAbfahrt Bochum Hbf 14:32 Uhr Gl. 5 ICE 941, Abfahrt Berlin Hbf 23:52 Uhr Gl. 13 ICE1540.<\/p>\n<p>Die \u00dcbergabe der Tickets erfolgt vor der Abfahrt.<\/p>\n","protected":false},"excerpt":{"rendered":"<p>Ticket Zugfahrt Berlin, sp\u00e4te Hinfahrt<br \/>\n<strong>Achtung:<\/strong> Gekaufte Fahrkarten k\u00f6nnen nur bis zum 27.2.26 09:00 zur\u00fcck gegeben werden.<\/p>\n","protected":false},"featured_media":437,"template":"","meta":[],"product_brand":[],"product_cat":[41],"product_tag":[],"class_list":{"0":"post-7314","1":"product","2":"type-product","3":"status-publish","4":"has-post-thumbnail","6":"product_cat-zug-bus-karten","8":"first","9":"instock","10":"virtual","11":"taxable","12":"purchasable","13":"product-type-simple"},"_links":{"self":[{"href":"https:\/\/tickets.zuz-fanexpress.de\/index.php\/wp-json\/wp\/v2\/product\/7314","targetHints":{"allow":["GET"]}}],"collection":[{"href":"https:\/\/tickets.zuz-fanexpress.de\/index.php\/wp-json\/wp\/v2\/product"}],"about":[{"href":"https:\/\/tickets.zuz-fanexpress.de\/index.php\/wp-json\/wp\/v2\/types\/product"}],"wp:featuredmedia":[{"embeddable":true,"href":"https:\/\/tickets.zuz-fanexpress.de\/index.php\/wp-json\/wp\/v2\/media\/437"}],"wp:attachment":[{"href":"https:\/\/tickets.zuz-fanexpress.de\/index.php\/wp-json\/wp\/v2\/media?parent=7314"}],"wp:term":[{"taxonomy":"product_brand","embeddable":true,"href":"https:\/\/tickets.zuz-fanexpress.de\/index.php\/wp-json\/wp\/v2\/product_brand?post=7314"},{"taxonomy":"product_cat","embeddable":true,"href":"https:\/\/tickets.zuz-fanexpress.de\/index.php\/wp-json\/wp\/v2\/product_cat?post=7314"},{"taxonomy":"product_tag","embeddable":true,"href":"https:\/\/tickets.zuz-fanexpress.de\/index.php\/wp-json\/wp\/v2\/product_tag?post=7314"}],"curies":[{"name":"wp","href":"https:\/\/api.w.org\/{rel}","templated":true}]}}