{"id":7313,"date":"2026-02-05T08:24:41","date_gmt":"2026-02-05T10:24:41","guid":{"rendered":"https:\/\/tickets.zuz-fanexpress.de\/?post_type=product&#038;p=7313"},"modified":"2026-03-14T07:47:58","modified_gmt":"2026-03-14T09:47:58","slug":"hertha-vfl-bochum-1848-frueh","status":"publish","type":"product","link":"https:\/\/tickets.zuz-fanexpress.de\/index.php\/produkt\/hertha-vfl-bochum-1848-frueh\/","title":{"rendered":"Hertha BSC &#8211; VfL Bochum 1848 fr\u00fche Hinfahrt"},"content":{"rendered":"<p>Fahrkarte f\u00fcr die ZuZ-Fanexpress Zugfahrt am 14.3.2026 von Bochum Hbf nach Berlin Hbf und zur\u00fcck.<br \/>\nFr\u00fche Hinfahrt.<br \/>\nAbfahrt Bochum Hbf 12:32 Uhr Gl. 5 ICE 849, Abfahrt Berlin Hbf 23:52 Uhr Gl. 13 ICE1540.<\/p>\n<p>Die \u00dcbergabe der Tickets erfolgt vor der Abfahrt.<\/p>\n","protected":false},"excerpt":{"rendered":"<p>Ticket Zugfahrt Berlin, fr\u00fche Hinfahrt<br \/>\n<strong>Achtung:<\/strong> Gekaufte Fahrkarten k\u00f6nnen nur bis zum 27.2.26 09:00 zur\u00fcck gegeben werden.<\/p>\n","protected":false},"featured_media":437,"template":"","meta":[],"product_brand":[],"product_cat":[41],"product_tag":[],"class_list":{"0":"post-7313","1":"product","2":"type-product","3":"status-publish","4":"has-post-thumbnail","6":"product_cat-zug-bus-karten","8":"first","9":"instock","10":"virtual","11":"taxable","12":"purchasable","13":"product-type-simple"},"_links":{"self":[{"href":"https:\/\/tickets.zuz-fanexpress.de\/index.php\/wp-json\/wp\/v2\/product\/7313","targetHints":{"allow":["GET"]}}],"collection":[{"href":"https:\/\/tickets.zuz-fanexpress.de\/index.php\/wp-json\/wp\/v2\/product"}],"about":[{"href":"https:\/\/tickets.zuz-fanexpress.de\/index.php\/wp-json\/wp\/v2\/types\/product"}],"wp:featuredmedia":[{"embeddable":true,"href":"https:\/\/tickets.zuz-fanexpress.de\/index.php\/wp-json\/wp\/v2\/media\/437"}],"wp:attachment":[{"href":"https:\/\/tickets.zuz-fanexpress.de\/index.php\/wp-json\/wp\/v2\/media?parent=7313"}],"wp:term":[{"taxonomy":"product_brand","embeddable":true,"href":"https:\/\/tickets.zuz-fanexpress.de\/index.php\/wp-json\/wp\/v2\/product_brand?post=7313"},{"taxonomy":"product_cat","embeddable":true,"href":"https:\/\/tickets.zuz-fanexpress.de\/index.php\/wp-json\/wp\/v2\/product_cat?post=7313"},{"taxonomy":"product_tag","embeddable":true,"href":"https:\/\/tickets.zuz-fanexpress.de\/index.php\/wp-json\/wp\/v2\/product_tag?post=7313"}],"curies":[{"name":"wp","href":"https:\/\/api.w.org\/{rel}","templated":true}]}}