{"id":68,"date":"2020-09-26T20:37:59","date_gmt":"2020-09-26T22:37:59","guid":{"rendered":"https:\/\/tickets.zuz-fanexpress.de\/?page_id=68"},"modified":"2026-01-09T14:28:38","modified_gmt":"2026-01-09T16:28:38","slug":"agb","status":"publish","type":"page","link":"https:\/\/tickets.zuz-fanexpress.de\/index.php\/agb\/","title":{"rendered":"AGB"},"content":{"rendered":"\n<h3 class=\"wp-block-heading\">I. Vertragsschluss<\/h3>\n\n\n\n<p>shop.zuz-fanexpress.de ist die Produktions- und Dienstleistungsplattform der Zug-umZug Fanexpress in Bochum. Sie ist in deutscher Sprache verf\u00fcgbar und versteht sich als Aufforderung an die Besucher, durch Auswahl der gew\u00fcnschten Artikel und Durchlaufen der Bestellroutine ein Angebot zum Abschluss eines Kaufvertrages zu erkl\u00e4ren (Bestellung).<\/p>\n\n\n\n<p>Der Kaufvertrag kommt zustande, wenn &#8211; sp\u00e4testens am f\u00fcnften auf die Bestellung folgenden Tag &#8211; unter der bei der Bestellung angegebenen E-Mail-Adresse die Mitteilung eingeht, dass das durch die Bestellung erkl\u00e4rte Angebot angenommen wird (Annahmeerkl\u00e4rung). Die Annahmeerkl\u00e4rung wird bei ordnungsgem\u00e4\u00dfem Ablauf alle f\u00fcr den Vertrag relevanten &#8211; insbesondere auch die nach \u00a7 312c Abs. 2 BGB in Verbindung mit \u00a7 1 Abs. 1, 2 und 4 BGB-InfoV zu erteilenden &#8211; Informationen (Vertragstext) enthalten und, solange dies zur Abwicklung des Vertrags erforderlich ist, gespeichert. Eine M\u00f6glichkeit, den Vertragstext nach Vertragsschluss erneut abzurufen, besteht nicht. Die unmittelbar nach Bestellung versandte Eingangsbest\u00e4tigungsmail (autoreply) stellt keine solche Annahmeerkl\u00e4rung dar.<\/p>\n\n\n\n<h3 class=\"wp-block-heading\">II. Zahlungsbedingungen und Versand<\/h3>\n\n\n\n<p>Die Zahlung kann nach Wahl im Rahmen der Bestellung entweder im Voraus auf das Konto mit der Nummer 1615798 (IBAN: DE66430500010001615798) bei der Sparkasse Bochum (Blz: 43050001\u2013 BIC\/Swiftcode: WELADED1BOC) get\u00e4tigt werden, oder bei Abholung der Ware bar erfolgen.<\/p>\n\n\n\n<p>Die Lieferung der bestellten Ware erfolgt innerhalb der jeweils angegebenen Lieferzeit.<\/p>\n\n\n\n<p>Die Versandkosten betragen pauschal 1,90 Euro pro Lieferung.<\/p>\n\n\n\n<p>Retouren bitte an: Zug-um-Zug Fanexpress, Scharif Omeirat, Kortenpfad 12, 44787 Bochum.<\/p>\n\n\n\n<h3 class=\"wp-block-heading\">III. Eigentumsvorbehalt<\/h3>\n\n\n\n<p>Bis zur vollst\u00e4ndigen Zahlung verbleibt die versendete Ware im Eigentum des Zug-um-Zug Fanexpress, Inhaber Scharif Omeirat, Kortenpfad 12, 44787 Bochum.<\/p>\n\n\n\n<p>Im \u00dcbrigen gelten f\u00fcr den Vertrag die Bestimmungen des B\u00fcrgerlichen Gesetzbuches, insbesondere die Gew\u00e4hrleistungsbestimmungen der \u00a7\u00a7 433 ff BGB.<\/p>\n\n\n\n<h3 class=\"wp-block-heading\">IV. Widerrufsrecht<\/h3>\n\n\n\n<p>Verbrauchern im Sinne des \u00a7 13 BGB &#8211; d.h. nat\u00fcrlichen Personen, die zu einem Zweck bestellen, der weder ihrer gewerblichen noch ihrer<br>selbst\u00e4ndigen beruflichen T\u00e4tigkeit zugerechnet werden kann &#8211; steht ein Widerrufsrecht nach Ma\u00dfgabe der folgenden Belehrung zu:<\/p>\n\n\n\n<h2 class=\"wp-block-heading\">WIDERRUFSBELEHRUNG F\u00dcR VERBRAUCHER<\/h2>\n\n\n\n<h3 class=\"wp-block-heading\">WIDERRUFSRECHT<\/h3>\n\n\n\n<p>SIE K\u00d6NNEN IHRE VERTRAGSERKL\u00c4RUNG INNERHALB VON ZWEI WOCHEN OHNE ANGABE VON GR\u00dcNDEN IN TEXTFORM (Z. B. BRIEF, FAX, E-MAIL) ODER \u2013 WENN IHNEN DIE SACHE VOR FRISTABLAUF \u00dcBERLASSEN WIRD \u2013 DURCH R\u00dcCKSENDUNG DER SACHE WIDERRUFEN. DIE FRIST BEGINNT NACH ERHALT DIESER BELEHRUNG IN TEXTFORM, JEDOCH NICHT VOR EINGANG DER WARE BEIM EMPF\u00c4NGER (BEI DER WIEDERKEHRENDEN LIEFERUNG GLEICHARTIGER WAREN NICHT VOR EINGANG DER ERSTEN TEILLIEFERUNG) UND AUCH NICHT VOR ERF\u00dcLLUNG UNSERER INFORMATIONSPFLICHTEN GEM\u00c4\u00df \u00a7 312C ABS. 2 BGB IN VERBINDUNG MIT \u00a7 1 ABS. 1, 2 UND 4 BGB-INFOV SOWIE UNSERER PFLICHTEN GEM\u00c4\u00df \u00a7 312E ABS. 1 SATZ 1 BGB IN VERBINDUNG MIT \u00a7 3 BGB-INFOV. ZUR WAHRUNG DER WIDERRUFSFRIST GEN\u00dcGT DIE RECHTZEITIGE ABSENDUNG DES WIDERRUFS ODER DER SACHE.<\/p>\n\n\n\n<p>DER WIDERRUF IST ZU RICHTEN AN:<\/p>\n\n\n\n<p>Zug-um-Zug Fanexpress , Scharif Omeirat, Kortenpfad 12, 44787 Bochum<br>E-MAIL: omeirat@zuz-fanexpress.de<\/p>\n\n\n\n<p>WIDERRUFSFOLGEN<\/p>\n\n\n\n<p>IM FALLE EINES WIRKSAMEN WIDERRUFS SIND DIE BEIDERSEITS EMPFANGENEN LEIS-TUNGEN ZUR\u00dcCKZUGEW\u00c4HREN UND GGF. GEZOGENE NUTZUNGEN (Z. B. ZINSEN) HER-AUSZUGEBEN. K\u00d6NNEN SIE UNS DIE EMPFANGENE LEISTUNG GANZ ODER TEILWEISE NICHT ODER NUR IN VERSCHLECHTERTEM ZUSTAND ZUR\u00dcCKGEW\u00c4HREN, M\u00dcSSEN SIE UNS INSOWEIT GGF. WERTERSATZ LEISTEN. BEI DER \u00dcBERLASSUNG VON SACHEN GILT DIES NICHT, WENN DIE VERSCHLECHTERUNG DER SACHE AUSSCHLIE\u00dfLICH AUF DEREN PR\u00dcFUNG \u2013 WIE SIE IHNEN ETWA IM LADENGESCH\u00c4FT M\u00d6GLICH GEWESEN W\u00c4RE \u2013 ZUR\u00dcCKZUF\u00dcHREN IST. IM \u00dcBRIGEN K\u00d6NNEN SIE DIE PFLICHT ZUM WERTERSATZ F\u00dcR EINE DURCH DIE BESTIMMUNGSGEM\u00c4\u00dfE INGEBRAUCHNAHME DER SACHE ENTSTANDENE VERSCHLECHTERUNG VERMEIDEN, INDEM SIE DIE SACHE NICHT WIE IHR EIGENTUM IN GEBRAUCH NEHMEN UND ALLES UNTERLASSEN, WAS DEREN WERT BEEINTR\u00c4CHTIGT. PAKETVERSANDF\u00c4HIGE SACHEN SIND AUF UNSERE KOSTEN UND GEFAHR ZU-R\u00dcCKZUSENDEN. NICHT PAKETVERSANDF\u00c4HIGE SACHEN WERDEN BEI IHNEN ABGEHOLT. VERPFLICHTUNGEN ZUR ERSTATTUNG VON ZAHLUNGEN M\u00dcSSEN INNERHALB VON 30 TAGEN ERF\u00dcLLT WERDEN. DIE FRIST BEGINNT F\u00dcR SIE MIT DER ABSENDUNG IHRER WIDER-RUFSERKL\u00c4RUNG ODER DER SACHE, F\u00dcR UNS MIT DEREN EMPFANG.<\/p>\n\n\n\n<p>ENDE DER WIDERRUFSBELEHRUNG<\/p>\n\n\n\n<p>Zug-um-Zug Fanexpress, <br>Bochum, 9.01.2026<\/p>\n","protected":false},"excerpt":{"rendered":"<p>I. Vertragsschluss shop.zuz-fanexpress.de ist die Produktions- und Dienstleistungsplattform der Zug-umZug Fanexpress in Bochum. Sie ist in deutscher Sprache verf\u00fcgbar und versteht sich als Aufforderung an die Besucher, durch Auswahl der gew\u00fcnschten Artikel und Durchlaufen der Bestellroutine ein Angebot zum Abschluss eines Kaufvertrages zu erkl\u00e4ren (Bestellung).&hellip;<\/p>\n","protected":false},"author":1,"featured_media":0,"parent":0,"menu_order":0,"comment_status":"closed","ping_status":"open","template":"","meta":{"footnotes":""},"class_list":["post-68","page","type-page","status-publish","hentry"],"wps_subtitle":"Allgemeine Gesch\u00e4ftsbedingungen","_links":{"self":[{"href":"https:\/\/tickets.zuz-fanexpress.de\/index.php\/wp-json\/wp\/v2\/pages\/68","targetHints":{"allow":["GET"]}}],"collection":[{"href":"https:\/\/tickets.zuz-fanexpress.de\/index.php\/wp-json\/wp\/v2\/pages"}],"about":[{"href":"https:\/\/tickets.zuz-fanexpress.de\/index.php\/wp-json\/wp\/v2\/types\/page"}],"author":[{"embeddable":true,"href":"https:\/\/tickets.zuz-fanexpress.de\/index.php\/wp-json\/wp\/v2\/users\/1"}],"replies":[{"embeddable":true,"href":"https:\/\/tickets.zuz-fanexpress.de\/index.php\/wp-json\/wp\/v2\/comments?post=68"}],"version-history":[{"count":10,"href":"https:\/\/tickets.zuz-fanexpress.de\/index.php\/wp-json\/wp\/v2\/pages\/68\/revisions"}],"predecessor-version":[{"id":7246,"href":"https:\/\/tickets.zuz-fanexpress.de\/index.php\/wp-json\/wp\/v2\/pages\/68\/revisions\/7246"}],"wp:attachment":[{"href":"https:\/\/tickets.zuz-fanexpress.de\/index.php\/wp-json\/wp\/v2\/media?parent=68"}],"curies":[{"name":"wp","href":"https:\/\/api.w.org\/{rel}","templated":true}]}}