{"id":3,"date":"2020-09-24T21:22:00","date_gmt":"2020-09-24T23:22:00","guid":{"rendered":"https:\/\/tickets.zuz-fanexpress.de\/?page_id=3"},"modified":"2026-01-09T14:29:43","modified_gmt":"2026-01-09T16:29:43","slug":"privacy-policy","status":"publish","type":"page","link":"https:\/\/tickets.zuz-fanexpress.de\/index.php\/privacy-policy\/","title":{"rendered":"Datenschutz"},"content":{"rendered":"\n<p>shop.zuz-fanexpress.de ist die Verkaufsplattform der Firma &#8222;Zug-um-Zug Fanexpress&#8220; in Bochum, www.zuz-fanexpress.de.<\/p>\n\n\n\n<h3 class=\"wp-block-heading\">Zum Thema Cookies \u2026<\/h3>\n\n\n\n<p>Unser Shop verwendet sogenannte Cookies. Das heisst, es werden z.B. die Session-Informationen auf deinem Rechner gespeichert. Darin werden Informationen gespeichert, ob der User eingeloggt ist oder nicht, in welchen Kundengruppen er sich befindet, das Herkunftsland, die Sprache und ob der Kunde ein &#8218;Autologin&#8216; gesetzt hat.<\/p>\n\n\n\n<p>Das sind sogenannte technische Cookies. Cookies, die zur Auswertung von Marketing-Aktionen und zum Zweck von Werbung genutzt werden, <strong>verwenden wir nicht<\/strong>.<\/p>\n\n\n\n<p>Mit der Nutzung unseres Online-Shops erkl\u00e4rst Du dich damit einverstanden, dass wir technische Cookies verwenden.<\/p>\n\n\n\n<p>Wenn Du mit der Verwendung von Cookies nicht einverstanden bist, kannst bzw. solltest Du in den Einstellungen deines Browsers die Verwendung von Cookies deaktivieren. In diesem Fall steht Dir unser Shop nur mit eingeschr\u00e4nkter Funktionen zur Verf\u00fcgung.<\/p>\n\n\n\n<p>Du kannst aber auch auch zur\u00fcck zum Shop gehen, ohne etwas zu \u00e4ndern, und alle Funktionen des Online-Shops genie\u00dfen.<\/p>\n\n\n\n<p>Generelle Infos zum Thema &#8222;Was sind Cookies?&#8220; findest Du hier: https:\/\/de.wikipedia.org\/wiki\/HTTP-Cookie<\/p>\n\n\n\n<p>Jedweilige Logfiles, die gespeichert werden, dienen lediglich zur Behebung m\u00f6glicher Fehler und werden f\u00fcr 14 Tage gespeichert und dann gel\u00f6scht.<\/p>\n\n\n\n<p>Bei Fragen zum Thema Datenschutz wende Dich bitte an Marwan Omeirat omeirat@zuz-fanexpress.de.<\/p>\n\n\n\n<h2 class=\"wp-block-heading\">Datenschutzerkl\u00e4rung<\/h2>\n\n\n\n<p>Diese Website wird von Zuz-um-Zug Fanexpress betrieben. Der Schutz Deiner personenbezogenen Daten ist uns sehr wichtig. Bei allen Vorg\u00e4ngen der Datenverarbeitung (z.B. Erhebung, Verarbeitung und \u00dcbermittlung) verfahren wir nach den gesetzlichen Vorschriften.<br>In dieser Erkl\u00e4rung findest Du alle notwendigen Informationen \u00fcber den Umgang mit Deinen personenbezogenen Daten, die beim Besuch unserer Website anfallen.<\/p>\n\n\n\n<p>Verantwortlich f\u00fcr die Verarbeitung von personenbezogenen Daten auf dieser Website ist:<\/p>\n\n\n\n<p>Zug um Zug Fanexpress<br>Inhaber: Scharif Omeirat<br>Kortenpfad 12<br>44787 Bochum<br>0234\/3796769<br>mobil: 0173\/2118869<\/p>\n\n\n\n<p>omeirat@zuz-fanexpress.de<\/p>\n\n\n\n<p>Bei Fragen zum Datenschutz kannst Du Dich jederzeit an omeirat@zuz-fanexpress.de wenden.<\/p>\n\n\n\n<h3 class=\"wp-block-heading\">Erheben und verwenden nicht personenbezogener Daten<\/h3>\n\n\n\n<p>Wenn Du diese Website nutzt, ohne anderweitig (z.B. durch Registrierung) Daten an uns zu \u00fcbermitteln, erheben wir nur technisch notwendige Daten, die automatisch durch Deinen Browser an unseren Server \u00fcbermittelt werden (z.B. Browsertyp\/Browserversion, verwendetes Betriebssystem, Referer URL, Datum und Uhrzeit der Anfrage, aufgerufene Seiten, Verweildauer, IP-Adresse). Dies ist technisch erforderlich, um Dir unsere Website anzeigen zu k\u00f6nnen. Soweit davon personenbezogene Daten betroffen sind, ist Art. 6 Abs. 1 lit. f DSGVO Rechtsgrundlage f\u00fcr die Erhebung. Eine Zusammenf\u00fchrung dieser Daten mit anderen Datenquellen wird nicht vorgenommen.<\/p>\n\n\n\n<h3 class=\"wp-block-heading\">Speicherdauer<\/h3>\n\n\n\n<p>Die Speicherung und Verarbeitung Deiner Daten erfolgt nur so lange, wie dies f\u00fcr die Verarbeitung oder zur Einhaltung gesetzlicher Pflichten erforderlich ist. Nach Wegfall des Verarbeitungszwecks sperren oder l\u00f6schen wir Deine Daten. Bestehen dar\u00fcber hinaus gesetzliche Pflichten zur Speicherung, sperren oder l\u00f6schen wir Deine Daten mit Ablauf der gesetzlichen Speicherfristen.<\/p>\n\n\n\n<h3 class=\"wp-block-heading\">Kontaktformular<\/h3>\n\n\n\n<p>\u00dcber das Kontaktformular auf unserer Website kannst Du personenbezogene Daten eingeben. Wenn Du das Kontaktformular nutzt, erheben und speichern wir die Daten, die Du in die Eingabemaske eingegeben hast (z.B. Vorname, Nachname, E-Mail-Adresse). Eine Weitergabe an Dritte findet nicht statt.<br>Rechtsgrundlage f\u00fcr die Verarbeitung ist im Falle einer Einwilligung Art. 6 Abs. 1 lit. a DSGVO. Dient Ihre Anfrage der Vorbereitung eines Vertragsabschlusses ist Art. 6 Abs. 1 lit. b DSGVO zus\u00e4tzliche Rechtsgrundlage.<br>Wir verwenden die Daten ausschlie\u00dflich, um Deine Anfrage zu bearbeiten und zu beantworten.<\/p>\n\n\n\n<h3 class=\"wp-block-heading\">Datenweitergabe bei einer Bestellung<\/h3>\n\n\n\n<p>S\u00e4mtliche Daten, die Du uns bei Ihrer Bestellung\/Registrierung zur Verf\u00fcgung gestellt hast, speichern wir bei uns und geben sie, soweit dies zur Vertragsabwicklung erforderlich ist, im Rahmen der Bestellung und Registrierung an Vertragspartner weiter, z.B. an den Paketzusteller, der Dir unsere Sendungen in der Regel zustellt. Unsere Vertragspartner d\u00fcrfen die so \u00fcbermittelten Daten ausschlie\u00dflich zur Auftragserf\u00fcllung verwenden. Die \u00dcbermittlung der Daten erfolgt ausschlie\u00dflich an Vertragspartner in L\u00e4ndern mit vergleichbaren Schutzstandards.<\/p>\n\n\n\n<h3 class=\"wp-block-heading\">Cookies<\/h3>\n\n\n\n<p>Ein Teil unserer Dienste erfordert es, dass wir sog. Cookies einsetzen. Cookies sind kleine Datenmengen, die Dein Internetbrowser auf Deinem Rechner speichert. In Cookies k\u00f6nnen Informationen \u00fcber Deinen Besuch auf unserer Website gespeichert werden.<br>Vorsicht ist bei \u00f6ffentlich zug\u00e4nglichen Rechnern geboten. Die meisten Browser sind standardm\u00e4\u00dfig so eingestellt, dass sie Cookies akzeptieren, aber Du kannst Deinen Browser so konfigurieren, dass er Cookies ablehnt oder vorher eine Best\u00e4tigung von Dir erfragt. Die Hilfe-Funktion in der Men\u00fcleiste der meisten Webbrowser erkl\u00e4rt Dir, wie Du Deinen Browser davon abhalten kannst, neue Cookies zu akzeptieren, wie Du Deinen Browser darauf hinweisen l\u00e4sst, wenn Du ein neues Cookie erh\u00e4lst oder auch wie Du s\u00e4mtliche bereits erhaltenen Cookies l\u00f6schen und f\u00fcr alle weiteren sperren kannst.<br>Wenn Du Cookies ablehnst, kann dies allerdings zur Folge haben, dass ein Teil unserer Dienste nicht verf\u00fcgbar ist und somit einige Funktionen nicht genutzt werden k\u00f6nnen.<\/p>\n\n\n\n<h3 class=\"wp-block-heading\">Sichere Daten\u00fcbertragung<\/h3>\n\n\n\n<p>Alle pers\u00f6nlichen Daten, die Du uns beim Surfvorgang im Allgemeinen sowie im Besonderen beim Bestellvorgang \u00fcbermittelst, werden verschl\u00fcsselt \u00fcbertragen und sind damit vor Missbrauch gesch\u00fctzt. Wir bauen insbesondere bei jeder Transaktion eine sog. SSL-Verbindung auf. SSL (Secure-Socket- Layer) ist ein Verfahren, bei dem Deine Daten so verschl\u00fcsselt werden, dass sie bei der \u00dcbertragung im Internet nicht von Unbefugten gelesen werden k\u00f6nnen.<br>Die SSL-Verbindung erkennst Du daran, dass sich die Internet-Adresse von http:\/\/ in https:\/\/ ge\u00e4ndert hat. Au\u00dferdem wird die sichere Verbindung in der Regel in der Statuszeile des Webbrowsers durch ein geschlossenes Vorh\u00e4ngeschloss angezeigt.<\/p>\n\n\n\n<h2 class=\"wp-block-heading\">Deine Rechte<\/h2>\n\n\n\n<p>Du hast, bez\u00fcglich der Dich betreffenden personenbezogenen Daten, folgende gesetzliche Rechte gegen\u00fcber Zug-um-Zug Fanexpress:<\/p>\n\n\n\n<h3 class=\"wp-block-heading\">Auskunftsrecht<\/h3>\n\n\n\n<p>Du hast als betroffene Person das Recht, eine Best\u00e4tigung dar\u00fcber zu verlangen, ob wir personenbezogene Daten verarbeiten, die Dich betreffen. Ist dies der Fall, so hast Du das Recht auf Auskunft \u00fcber diese personenbezogenen Daten sowie auf weitere Informationen, z.B. die Verarbeitungszwecke, die Empf\u00e4nger und die geplante Dauer der Speicherung bzw. die Kriterien f\u00fcr die Festlegung der Dauer.<\/p>\n\n\n\n<h3 class=\"wp-block-heading\">Recht auf L\u00f6schung (\u201eRecht auf Vergessenwerden\u201c)<\/h3>\n\n\n\n<p>Du hast als betroffene Person ein Recht zur L\u00f6schung, soweit die Verarbeitung nicht erforderlich ist. Dies ist beispielsweise der Fall, wenn Deine Daten f\u00fcr die urspr\u00fcnglichen Zwecke nicht mehr notwendig sind, Du Deine datenschutzrechtliche Einwilligungserkl\u00e4rung widerrufen hast oder die Daten unrechtm\u00e4\u00dfig verarbeitet wurden.<\/p>\n\n\n\n<h3 class=\"wp-block-heading\">Recht auf Einschr\u00e4nkung der Verarbeitung<\/h3>\n\n\n\n<p>Du hast als betroffene Person ein Recht auf Einschr\u00e4nkung der Verarbeitung, z.B. wenn Du der Meinung bist, die personenbezogenen Daten seien unrichtig.<\/p>\n\n\n\n<h3 class=\"wp-block-heading\">Recht auf Daten\u00fcbertragbarkeit<\/h3>\n\n\n\n<p>Du hast als betroffene Person das Recht, die Dich betreffenden personenbezogenen Daten in einem strukturierten, g\u00e4ngigen und maschinenlesbaren Format zu erhalten.<\/p>\n\n\n\n<p>Du hast als betroffene Person das Recht, jederzeit aus Gr\u00fcnden, die sich aus Deiner besonderen Situation ergeben, gegen die Verarbeitung bestimmter Dich betreffender personenbezogener Daten Widerspruch einzulegen.<\/p>\n\n\n\n<h3 class=\"wp-block-heading\">Recht auf Widerruf Deiner datenschutzrechtlichen Einwilligung<\/h3>\n\n\n\n<p>Du kannst eine Einwilligung in die Verarbeitung Deiner personenbezogenen Daten jederzeit mit Wirkung f\u00fcr die Zukunft, ohne Angabe von Gr\u00fcnden, widerrufen. Die Rechtm\u00e4\u00dfigkeit der bis zum Widerruf erfolgten Verarbeitung wird davon jedoch nicht ber\u00fchrt.<\/p>\n\n\n\n<h3 class=\"wp-block-heading\">Beschwerden<\/h3>\n\n\n\n<p>Im Falle einer Beschwerde, wende Dich an die Landesbeauftragte f\u00fcr Datenschutz und Informationsfreiheit Nordrhein-Westfalen: https:\/\/www.ldi.nrw.de\/metanavi_Kontakt\/index.php<\/p>\n\n\n\n<h3 class=\"wp-block-heading\">\u00c4nderungen<\/h3>\n\n\n\n<p>Unsere Datenschutzerkl\u00e4rung kann sich von Zeit zu Zeit \u00e4ndern. Hierzu z\u00e4hlen auch Weiterentwicklungen durch Ver\u00e4nderungen unseres Gesch\u00e4ftes sowie Anpassungen aufgrund einer ge\u00e4nderten Gesetzeslage und\/oder aufgrund der Implementierung neuer Webanalyse- und\/oder Retargeting-Technologien. Entsprechende Aktualisierungen der Datenschutzerkl\u00e4rung werden von uns auf dieser Seite ver\u00f6ffentlicht werden. Im Falle wesentlicher \u00c4nderungen werden wir entsprechend darauf hinweisen. Falls Du noch weitere Fragen hast, die Dir unsere Datenschutzerkl\u00e4rung nicht beantworten konnte, schreibe bitte eine E-Mail an omeirat@zuz-fanexpress.de.<\/p>\n\n\n\n<p>Diese Datenschutzerkl\u00e4rung wurde von &#8222;Zug-um-Zug Fanexpress&#8220; erstellt, in Anlehnung an die Datenschutzerkl\u00e4rung von www.1887-shop.de.<br>Bochum, 9.1.2026<\/p>\n","protected":false},"excerpt":{"rendered":"<p>shop.zuz-fanexpress.de ist die Verkaufsplattform der Firma &#8222;Zug-um-Zug Fanexpress&#8220; in Bochum, www.zuz-fanexpress.de. Zum Thema Cookies \u2026 Unser Shop verwendet sogenannte Cookies. Das heisst, es werden z.B. die Session-Informationen auf deinem Rechner gespeichert. Darin werden Informationen gespeichert, ob der User eingeloggt ist oder nicht, in welchen Kundengruppen&hellip;<\/p>\n","protected":false},"author":1,"featured_media":0,"parent":0,"menu_order":0,"comment_status":"closed","ping_status":"open","template":"","meta":{"footnotes":""},"class_list":["post-3","page","type-page","status-publish","hentry"],"wps_subtitle":"","_links":{"self":[{"href":"https:\/\/tickets.zuz-fanexpress.de\/index.php\/wp-json\/wp\/v2\/pages\/3","targetHints":{"allow":["GET"]}}],"collection":[{"href":"https:\/\/tickets.zuz-fanexpress.de\/index.php\/wp-json\/wp\/v2\/pages"}],"about":[{"href":"https:\/\/tickets.zuz-fanexpress.de\/index.php\/wp-json\/wp\/v2\/types\/page"}],"author":[{"embeddable":true,"href":"https:\/\/tickets.zuz-fanexpress.de\/index.php\/wp-json\/wp\/v2\/users\/1"}],"replies":[{"embeddable":true,"href":"https:\/\/tickets.zuz-fanexpress.de\/index.php\/wp-json\/wp\/v2\/comments?post=3"}],"version-history":[{"count":8,"href":"https:\/\/tickets.zuz-fanexpress.de\/index.php\/wp-json\/wp\/v2\/pages\/3\/revisions"}],"predecessor-version":[{"id":7242,"href":"https:\/\/tickets.zuz-fanexpress.de\/index.php\/wp-json\/wp\/v2\/pages\/3\/revisions\/7242"}],"wp:attachment":[{"href":"https:\/\/tickets.zuz-fanexpress.de\/index.php\/wp-json\/wp\/v2\/media?parent=3"}],"curies":[{"name":"wp","href":"https:\/\/api.w.org\/{rel}","templated":true}]}}